
{"id":2050,"date":"2019-09-04T10:49:46","date_gmt":"2019-09-04T10:49:46","guid":{"rendered":"http:\/\/impreza15.us-themes.com\/?page_id=2050"},"modified":"2025-06-15T17:53:06","modified_gmt":"2025-06-15T17:53:06","slug":"shipping","status":"publish","type":"page","link":"https:\/\/www.sushihot.lv\/lv\/shipping\/","title":{"rendered":"Pieg\u0101de"},"content":{"rendered":"<section class=\"l-section wpb_row height_custom\"><div class=\"l-section-h i-cf\"><div class=\"g-cols vc_row via_grid cols_custom laptops-cols_inherit tablets-cols_inherit mobiles-cols_1 valign_top type_default stacking_default\" style=\"--custom-columns:4fr 0.5fr 1.5fr \"><div class=\"wpb_column vc_column_container\"><div class=\"vc_column-inner\"><div class=\"w-tabs style_default switch_click accordion has_scrolling remove_indents\" style=\"--sections-title-size:1.5rem\"><div class=\"w-tabs-sections titles-align_none icon_chevron cpos_right\"><div class=\"w-tabs-section active\" id=\"1579528912153-daf54713-3cbf\"><button class=\"w-tabs-section-header active\" aria-controls=\"content-1579528912153-daf54713-3cbf\" aria-expanded=\"true\"><div class=\"w-tabs-section-title\">Su\u0161i Pieg\u0101de R\u012bg\u0101<\/div><div class=\"w-tabs-section-control\"><\/div><\/button><div  class=\"w-tabs-section-content\" id=\"content-1579528912153-daf54713-3cbf\"><div class=\"w-tabs-section-content-h i-cf\"><div class=\"g-cols wpb_row via_grid cols_custom laptops-cols_inherit tablets-cols_inherit mobiles-cols_1 valign_top type_default stacking_default\" style=\"--gap:3rem;--custom-columns:1fr 5fr 3fr\"><div class=\"wpb_column vc_column_container\"><div class=\"vc_column-inner\"><div class=\"w-iconbox iconpos_left style_default color_primary align_left no_text no_title\"><div class=\"w-iconbox-icon\" style=\"font-size:4rem;\"><i class=\"far fa-dolly\"><\/i><\/div><div class=\"w-iconbox-meta\"><\/div><\/div><\/div><\/div><div class=\"wpb_column vc_column_container\"><div class=\"vc_column-inner\"><div class=\"wpb_text_column\"><div class=\"wpb_wrapper\"><h4>Pieg\u0101de<\/h4>\n<p>Sushi Yami pied\u0101v\u0101 \u0113rtu un \u0101tru pieg\u0101di vis\u0101 R\u012bgas teritorij\u0101! Izv\u0113lieties pieg\u0101des pakalpojumu no Bolt vai Wolt, vai ar\u012b sa\u0146emiet savu pas\u016bt\u012bjumu m\u016bsu veikal\u0101<\/p>\n<p>Centr\u0101ltirgus iel\u0101 3 k.2, Latgales priek\u0161pils\u0113t\u0101, R\u012bg\u0101, LV-1050,<\/p>\n<p>vai<\/p>\n<p><b>P\u013cavnieki, Jasmui\u017eas iela 9, R\u012bga. Tel: 25255551<\/b>.<\/p>\n<p>Baudi svaigus un gardus su\u0161i sav\u0101 m\u0101jviet\u0101 vai biroj\u0101!<\/p>\n<\/div><\/div><\/div><\/div><div class=\"wpb_column vc_column_container\"><div class=\"vc_column-inner\"><div class=\"wpb_text_column\"><div class=\"wpb_wrapper\"><p>Centr\u0101ltirgus iela 3 k.2, Latgales priek\u0161pils\u0113ta, R\u012bga, LV-1050<\/p>\n<\/div><\/div><\/div><\/div><\/div><div class=\"w-separator size_large\"><\/div><\/div><\/div><\/div><\/div><\/div><\/div><\/div><div class=\"wpb_column vc_column_container\"><div class=\"vc_column-inner\"><\/div><\/div><div class=\"wpb_column vc_column_container\"><div class=\"vc_column-inner\"><nav class=\"w-menu us_custom_07f9eca1 layout_ver style_links us_menu_1\" style=\"--main-gap:1.5rem;--main-ver-indent:0.8em;--main-hor-indent:0.8em;--main-active-color:inherit;\"><ul id=\"menu-information\" class=\"menu\"><li id=\"menu-item-4228\" class=\"menu-item menu-item-type-post_type menu-item-object-page menu-item-4228\"><a href=\"https:\/\/www.sushihot.lv\/lv\/shipping\/\">Pieg\u0101de<\/a><\/li><li id=\"menu-item-4230\" class=\"menu-item menu-item-type-post_type menu-item-object-page menu-item-4230\"><a href=\"https:\/\/www.sushihot.lv\/lv\/payments\/\">Apmaksa<\/a><\/li><\/ul><style>@media ( max-width:600px ){.us_menu_1 .menu{display:block!important}.us_menu_1 .menu>li{margin:0 0 var(--main-gap,1.5rem)!important}}<\/style><\/nav><\/div><\/div><\/div><\/div><\/section>\n","protected":false},"excerpt":{"rendered":"Su\u0161i Pieg\u0101de R\u012bg\u0101Pieg\u0101de Sushi Yami pied\u0101v\u0101 \u0113rtu un \u0101tru pieg\u0101di vis\u0101 R\u012bgas teritorij\u0101! Izv\u0113lieties pieg\u0101des pakalpojumu no Bolt vai Wolt, vai ar\u012b sa\u0146emiet savu pas\u016bt\u012bjumu m\u016bsu veikal\u0101 Centr\u0101ltirgus iel\u0101 3 k.2, Latgales priek\u0161pils\u0113t\u0101, R\u012bg\u0101, LV-1050, vai P\u013cavnieki, Jasmui\u017eas iela 9, R\u012bga. Tel: 25255551. Baudi svaigus un gardus su\u0161i sav\u0101 m\u0101jviet\u0101 vai biroj\u0101! Centr\u0101ltirgus iela 3...","protected":false},"author":1,"featured_media":0,"parent":0,"menu_order":0,"comment_status":"closed","ping_status":"closed","template":"","meta":{"_acf_changed":false,"footnotes":""},"class_list":["post-2050","page","type-page","status-publish","hentry"],"acf":[],"_links":{"self":[{"href":"https:\/\/www.sushihot.lv\/lv\/wp-json\/wp\/v2\/pages\/2050","targetHints":{"allow":["GET"]}}],"collection":[{"href":"https:\/\/www.sushihot.lv\/lv\/wp-json\/wp\/v2\/pages"}],"about":[{"href":"https:\/\/www.sushihot.lv\/lv\/wp-json\/wp\/v2\/types\/page"}],"author":[{"embeddable":true,"href":"https:\/\/www.sushihot.lv\/lv\/wp-json\/wp\/v2\/users\/1"}],"replies":[{"embeddable":true,"href":"https:\/\/www.sushihot.lv\/lv\/wp-json\/wp\/v2\/comments?post=2050"}],"version-history":[{"count":4,"href":"https:\/\/www.sushihot.lv\/lv\/wp-json\/wp\/v2\/pages\/2050\/revisions"}],"predecessor-version":[{"id":5307,"href":"https:\/\/www.sushihot.lv\/lv\/wp-json\/wp\/v2\/pages\/2050\/revisions\/5307"}],"wp:attachment":[{"href":"https:\/\/www.sushihot.lv\/lv\/wp-json\/wp\/v2\/media?parent=2050"}],"curies":[{"name":"wp","href":"https:\/\/api.w.org\/{rel}","templated":true}]}}