
{"id":2926,"date":"2020-01-20T15:42:22","date_gmt":"2020-01-20T15:42:22","guid":{"rendered":"http:\/\/impreza15.us-themes.com\/?page_id=2926"},"modified":"2024-07-27T08:54:16","modified_gmt":"2024-07-27T08:54:16","slug":"payments","status":"publish","type":"page","link":"https:\/\/www.sushihot.lv\/lv\/payments\/","title":{"rendered":"Apmaksa"},"content":{"rendered":"<section class=\"l-section wpb_row height_custom\"><div class=\"l-section-h i-cf\"><div class=\"g-cols vc_row via_grid cols_custom laptops-cols_inherit tablets-cols_inherit mobiles-cols_1 valign_top type_default stacking_default\" style=\"--custom-columns:4fr 0.5fr 1.5fr \"><div class=\"wpb_column vc_column_container\"><div class=\"vc_column-inner\"><div class=\"wpb_text_column\"><div class=\"wpb_wrapper\"><p>Sushi Yami pied\u0101v\u0101 da\u017e\u0101das nor\u0113\u0137inu iesp\u0113jas, lai j\u016bsu iepirk\u0161an\u0101s b\u016btu \u0113rt\u0101ka. Apmaksu iesp\u0113jams veikt ar tie\u0161saistes banku starpniec\u012bbu (Citadele, Swedbank, Luminor, SEB) vai ar bankas karti (Visa, Mastercard). Ja izv\u0113laties pas\u016bt\u012bjumu sa\u0146emt m\u016bsu veikal\u0101 Centr\u0101ltirgus iel\u0101 3 k.2, Latgales priek\u0161pils\u0113t\u0101, R\u012bg\u0101, LV-1050, varat nor\u0113\u0137in\u0101ties ar\u012b skaidr\u0101 naud\u0101.<\/p>\n<\/div><\/div><\/div><\/div><div class=\"wpb_column vc_column_container\"><div class=\"vc_column-inner\"><\/div><\/div><div class=\"wpb_column vc_column_container\"><div class=\"vc_column-inner\"><nav class=\"w-menu us_custom_07f9eca1 layout_ver style_links us_menu_1\" style=\"--main-gap:1.5rem;--main-ver-indent:0.8em;--main-hor-indent:0.8em;--main-active-color:inherit;\"><ul id=\"menu-information\" class=\"menu\"><li id=\"menu-item-4228\" class=\"menu-item menu-item-type-post_type menu-item-object-page menu-item-4228\"><a href=\"https:\/\/www.sushihot.lv\/lv\/shipping\/\">Pieg\u0101de<\/a><\/li><li id=\"menu-item-4230\" class=\"menu-item menu-item-type-post_type menu-item-object-page menu-item-4230\"><a href=\"https:\/\/www.sushihot.lv\/lv\/payments\/\">Apmaksa<\/a><\/li><\/ul><style>@media ( max-width:600px ){.us_menu_1 .menu{display:block!important}.us_menu_1 .menu>li{margin:0 0 var(--main-gap,1.5rem)!important}}<\/style><\/nav><\/div><\/div><\/div><\/div><\/section>\n","protected":false},"excerpt":{"rendered":"Sushi Yami pied\u0101v\u0101 da\u017e\u0101das nor\u0113\u0137inu iesp\u0113jas, lai j\u016bsu iepirk\u0161an\u0101s b\u016btu \u0113rt\u0101ka. Apmaksu iesp\u0113jams veikt ar tie\u0161saistes banku starpniec\u012bbu (Citadele, Swedbank, Luminor, SEB) vai ar bankas karti (Visa, Mastercard). Ja izv\u0113laties pas\u016bt\u012bjumu sa\u0146emt m\u016bsu veikal\u0101 Centr\u0101ltirgus iel\u0101 3 k.2, Latgales priek\u0161pils\u0113t\u0101, R\u012bg\u0101, LV-1050, varat nor\u0113\u0137in\u0101ties ar\u012b skaidr\u0101 naud\u0101. Pieg\u0101deApmaksa","protected":false},"author":1,"featured_media":0,"parent":0,"menu_order":0,"comment_status":"closed","ping_status":"closed","template":"","meta":{"_acf_changed":false,"footnotes":""},"class_list":["post-2926","page","type-page","status-publish","hentry"],"acf":[],"_links":{"self":[{"href":"https:\/\/www.sushihot.lv\/lv\/wp-json\/wp\/v2\/pages\/2926","targetHints":{"allow":["GET"]}}],"collection":[{"href":"https:\/\/www.sushihot.lv\/lv\/wp-json\/wp\/v2\/pages"}],"about":[{"href":"https:\/\/www.sushihot.lv\/lv\/wp-json\/wp\/v2\/types\/page"}],"author":[{"embeddable":true,"href":"https:\/\/www.sushihot.lv\/lv\/wp-json\/wp\/v2\/users\/1"}],"replies":[{"embeddable":true,"href":"https:\/\/www.sushihot.lv\/lv\/wp-json\/wp\/v2\/comments?post=2926"}],"version-history":[{"count":2,"href":"https:\/\/www.sushihot.lv\/lv\/wp-json\/wp\/v2\/pages\/2926\/revisions"}],"predecessor-version":[{"id":4470,"href":"https:\/\/www.sushihot.lv\/lv\/wp-json\/wp\/v2\/pages\/2926\/revisions\/4470"}],"wp:attachment":[{"href":"https:\/\/www.sushihot.lv\/lv\/wp-json\/wp\/v2\/media?parent=2926"}],"curies":[{"name":"wp","href":"https:\/\/api.w.org\/{rel}","templated":true}]}}