
{"id":4784,"date":"2024-07-28T08:04:48","date_gmt":"2024-07-28T08:04:48","guid":{"rendered":"https:\/\/sushiyami.lv\/?page_id=4784"},"modified":"2024-07-28T08:06:19","modified_gmt":"2024-07-28T08:06:19","slug":"privatuma-politika","status":"publish","type":"page","link":"https:\/\/www.sushihot.lv\/lv\/privatuma-politika\/","title":{"rendered":"Priv\u0101tuma politika"},"content":{"rendered":"<section class=\"l-section wpb_row height_custom\"><div class=\"l-section-h i-cf\"><div class=\"g-cols vc_row via_grid cols_1 laptops-cols_inherit tablets-cols_inherit mobiles-cols_1 valign_top type_default stacking_default\"><div class=\"wpb_column vc_column_container\"><div class=\"vc_column-inner\"><div class=\"wpb_text_column\"><div class=\"wpb_wrapper\"><p>Personas datu apstr\u0101des P\u0101rzinis: Sushi Yami, juridisk\u0101 adrese: Centr\u0101ltirgus iela 3 k.2, Latgales priek\u0161pils\u0113ta, R\u012bga, LV-1050, m\u0101jaslapas adrese: www.sushiyami.lv<\/p>\n<p>Priv\u0101tuma politika sniedz inform\u0101ciju par to, k\u0101 Sushi Yami v\u0101c, apstr\u0101d\u0101, glab\u0101, kop\u012bgo, dz\u0113\u0161 un aizsarg\u0101 Klienta personas datus, t\u0101d\u0113j\u0101di nodro\u0161inot, ka Klienta personas dati tiek apstr\u0101d\u0101ti likum\u012bgi, godpr\u0101t\u012bgi un Klientam p\u0101rredzam\u0101 veid\u0101. Aktu\u0101l\u0101 priv\u0101tuma politikas versija tiek public\u0113ta Sushi Yami m\u0101jas lap\u0101 www.sushiyami.lv.<\/p>\n<p>Piem\u0113rojamie ties\u012bbu akti: Eiropas Parlamenta un padomes Regula Nr.2016\/679 par fizisku personu aizsardz\u012bbu attiec\u012bb\u0101 uz personas datu apstr\u0101di un \u0161\u0101du datu br\u012bvu apriti (2016. gada 27. apr\u012blis).<\/p>\n<p>Sushi Yami ir ties\u012bga apstr\u0101d\u0101t \u0161\u0101dus personu datus:<br \/>\na. V\u0101rds, uzv\u0101rds, personas kods, pieg\u0101des adrese, deklar\u0113t\u0101s dz\u012bvesvietas adrese, telefona numurs un e-pasta adrese;<br \/>\nb. Personu apliecino\u0161o dokumentu dati (dokumenta numurs, izdo\u0161anas datums un vieta, utt.);<br \/>\nc. Dati par personas darba vietu un ien\u0101kumiem;<br \/>\nd. Komunik\u0101cijas dati \u2013 e-pasts, v\u0113stule vai cita inform\u0101cija, kas saist\u012bta ar Klienta komunik\u0101ciju ar Sushi Yami;<br \/>\ne. Videonov\u0113ro\u0161anas ieraksti un att\u0113li;<br \/>\nf. Klienta IP adreses inform\u0101cija.<\/p>\n<p>Klienta personas datu apstr\u0101des pamats:<br \/>\na. Klienta piekri\u0161ana \u2013 Klients, k\u0101 personas datu subjekts, pats dod piekri\u0161anu personas datu v\u0101k\u0161anai un apstr\u0101dei noteiktiem m\u0113r\u0137iem.<br \/>\nb. Klientu pas\u016bt\u012bjumu izpilde un dar\u012bjuma noform\u0113\u0161ana \u2013 lai Sushi Yami var\u0113tu izpild\u012bt klienta pas\u016bt\u012bjumu, tai j\u0101apkopo un j\u0101apstr\u0101d\u0101 noteikti personas dati, kas tiek sav\u0101kti pas\u016bt\u012bjuma sagatavo\u0161anas laik\u0101 vai pirms t\u0101s.<br \/>\nc. Sushi Yami le\u0123it\u012bmas intereses \u2013 Sushi Yami ir ties\u012bbas apstr\u0101d\u0101t Klienta personas datus t\u0101d\u0101 apjom\u0101, k\u0101d\u0101 tas ir objekt\u012bvi nepiecie\u0161ams 6.e.-6.g. punktos nor\u0101d\u012bto darb\u012bbu veik\u0161anai.<\/p>\n<p>Sushi Yami apstr\u0101d\u0101 Klienta personas datus \u0161\u0101d\u0101 nol\u016bk\u0101:<br \/>\na. Pied\u0101v\u0101jumu sagatavo\u0161anai;<br \/>\nb. P\u0101rdo\u0161anas dar\u012bjumu noform\u0113\u0161anai;<br \/>\nc. Pieg\u0101des nodro\u0161in\u0101\u0161anai;<br \/>\nd. Klientu inform\u0113\u0161anai par jaunumiem un aktu\u0101lajiem pied\u0101v\u0101jumiem;<br \/>\ne. Klienta s\u016bdz\u012bbu izskat\u012b\u0161anai saist\u012bb\u0101 ar p\u0101rdotaj\u0101m prec\u0113m vai sniegtajiem pakalpojumiem;<br \/>\nf. Biznesa pl\u0101no\u0161anai un anal\u012btikai;<br \/>\ng. Videonov\u0113ro\u0161anai dro\u0161\u012bbas nol\u016bk\u0101.<\/p>\n<p>Sushi Yami ieg\u016bst Klienta personas datus, kad Klients:<br \/>\na. Ieg\u0101d\u0101jas produktus vai pakalpojumus Sushi Yami veikalos vai interneta veikal\u0101, veicot Klienta identifik\u0101ciju;<br \/>\nb. Pierakst\u0101s jaunumu sa\u0146em\u0161anai no Sushi Yami;<br \/>\nc. Jaut\u0101 produktu vai pakalpojumu pied\u0101v\u0101jumu vai sazin\u0101s ar Sushi Yami saist\u012bb\u0101 ar s\u016bdz\u012bbu vai inform\u0101cijas piepras\u012b\u0161anu, identific\u0113jot Klientu;<br \/>\nd. Piedal\u0101s konkursos, loterij\u0101s vai aptauj\u0101s;<br \/>\ne. Tiek film\u0113ts ar Sushi Yami videonov\u0113ro\u0161anas iek\u0101rt\u0101m Sushi Yami veikal\u0101 vai ofis\u0101;<br \/>\nf. Iesniedz pieteikumu par preces ieg\u0101di l\u012bzing\u0101 k\u0101d\u0101 no Sushi Yami veikaliem vai interneta veikal\u0101.<\/p>\n<p>Klienta personas datu nodo\u0161ana tre\u0161aj\u0101m pus\u0113m:<br \/>\na. L\u012bzinga pakalpojumu snieg\u0161anai \u2013 v\u0101rds, uzv\u0101rds, personas kods, pases dati, telefona nr., e-pasts, dz\u012bvesvietas adrese, darba dev\u0113js, ie\u0146emamais amats, ien\u0101kumi, kred\u012btsaist\u012bbas.<br \/>\nb. Pre\u010du pieg\u0101dei \u2013 v\u0101rds, uzv\u0101rds, e-pasts, telefona nr., pieg\u0101des adrese.<br \/>\nc. Sushi Yami ir pien\u0101kums sniegt inform\u0101ciju par personas datiem ties\u012bbsarg\u0101jo\u0161\u0101m iest\u0101d\u0113m, tiesai vai cit\u0101m valsts un pa\u0161vald\u012bbas iest\u0101d\u0113m, ja tas izriet no normat\u012bvajiem aktiem vai attiec\u012bg\u0101s iest\u0101des inform\u0101cijas piepras\u012bjuma.<br \/>\nd. Sushi Yami izsniegs Klienta personas datus tikai nepiecie\u0161am\u0101 un pietiekam\u0101 apjom\u0101 atbilsto\u0161i normat\u012bvo aktu pras\u012bb\u0101m un konkr\u0113t\u0101s situ\u0101cijas objekt\u012bviem apst\u0101k\u013ciem.<\/p>\n<p>Personas datu glab\u0101\u0161anas ilgums:<br \/>\nSushi Yami glab\u0101 personas datus atbilsto\u0161i defin\u0113tajiem personas datu apstr\u0101des m\u0113r\u0137iem un normat\u012bvo aktu pras\u012bb\u0101m, kam\u0113r past\u0101v vismaz viens no \u0161iem krit\u0113rijiem:<br \/>\na. Kam\u0113r ir sp\u0113k\u0101 datu subjekta piekri\u0161ana attiec\u012bgai personas datu apstr\u0101dei, ja nepast\u0101v cits datu apstr\u0101des likum\u012bgs pamats.<br \/>\nb. Kam\u0113r Sushi Yami past\u0101v juridisks pien\u0101kums datus glab\u0101t saska\u0146\u0101 ar normat\u012bvajiem aktiem;<br \/>\nc. Kam\u0113r \u0101r\u0113jos normat\u012bvajos aktos noteiktaj\u0101 k\u0101rt\u012bb\u0101 Sushi Yami var realiz\u0113t savas le\u0123it\u012bm\u0101s intereses.<\/p>\n<p>Datu dro\u0161\u012bba un datu labo\u0161ana:<br \/>\na. Visi klientu personas dati, kas k\u013cuvu\u0161i zin\u0101mi Sushi Yami, ir uzskat\u0101mi par konfidenci\u0101lu inform\u0101ciju.<br \/>\nb. Klientam ir ties\u012bbas pamatoti piepras\u012bt, lai vi\u0146a personas dati tiktu papildin\u0101ti, laboti, k\u0101 ar\u012b lai personas datu apstr\u0101de tiktu izbeigta vai dati tiktu dz\u0113sti, ja tie ir novecoju\u0161i, nepiln\u012bgi vai vairs neatbilst s\u0101kotn\u0113ji min\u0113tajam datu apstr\u0101des nol\u016bkam.<br \/>\nc. Sushi Yami interneta veikala lietot\u0101jam ir ties\u012bbas dz\u0113st savu profilu, par to ats\u016btot piepras\u012bjumu uz e-pastu: info@sushiyami.lv. \u0160\u0101d\u0101 gad\u012bjum\u0101 piepras\u012bjums tiek pie\u0146emts tikai, ja tas nos\u016bt\u012bts no t\u0101 pa\u0161a e-pasta, uz kuru re\u0123istr\u0113ts lietot\u0101ja profils.<br \/>\nd. Klientam ir ties\u012bbas atteikties no jebk\u0101du jaunumu sa\u0146em\u0161anas, atrakstoties no jaunumu sa\u0146em\u0161anas, noklik\u0161\u0137inot uz e-pasta saites vai nos\u016btot inform\u0101ciju uz e-pastu: info@sushiyami.lv;<br \/>\ne. Sushi Yami neuz\u0146emas atbild\u012bbu par jebk\u0101du nesankcion\u0113tu piek\u013cuvi personas datiem un\/ vai personas datu zudumu, ja tas nav atkar\u012bgs no Sushi Yami, piem\u0113ram, Klienta vainas un\/ vai nolaid\u012bbas d\u0113\u013c.<\/p>\n<\/div><\/div><div class=\"w-separator size_small\"><\/div><\/div><\/div><\/div><\/div><\/section>\n","protected":false},"excerpt":{"rendered":"Personas datu apstr\u0101des P\u0101rzinis: Sushi Yami, juridisk\u0101 adrese: Centr\u0101ltirgus iela 3 k.2, Latgales priek\u0161pils\u0113ta, R\u012bga, LV-1050, m\u0101jaslapas adrese: www.sushiyami.lv Priv\u0101tuma politika sniedz inform\u0101ciju par to, k\u0101 Sushi Yami v\u0101c, apstr\u0101d\u0101, glab\u0101, kop\u012bgo, dz\u0113\u0161 un aizsarg\u0101 Klienta personas datus, t\u0101d\u0113j\u0101di nodro\u0161inot, ka Klienta personas dati tiek apstr\u0101d\u0101ti likum\u012bgi, godpr\u0101t\u012bgi un Klientam p\u0101rredzam\u0101 veid\u0101. Aktu\u0101l\u0101 priv\u0101tuma politikas...","protected":false},"author":1,"featured_media":0,"parent":0,"menu_order":0,"comment_status":"closed","ping_status":"closed","template":"","meta":{"_acf_changed":false,"footnotes":""},"class_list":["post-4784","page","type-page","status-publish","hentry"],"acf":[],"_links":{"self":[{"href":"https:\/\/www.sushihot.lv\/lv\/wp-json\/wp\/v2\/pages\/4784","targetHints":{"allow":["GET"]}}],"collection":[{"href":"https:\/\/www.sushihot.lv\/lv\/wp-json\/wp\/v2\/pages"}],"about":[{"href":"https:\/\/www.sushihot.lv\/lv\/wp-json\/wp\/v2\/types\/page"}],"author":[{"embeddable":true,"href":"https:\/\/www.sushihot.lv\/lv\/wp-json\/wp\/v2\/users\/1"}],"replies":[{"embeddable":true,"href":"https:\/\/www.sushihot.lv\/lv\/wp-json\/wp\/v2\/comments?post=4784"}],"version-history":[{"count":2,"href":"https:\/\/www.sushihot.lv\/lv\/wp-json\/wp\/v2\/pages\/4784\/revisions"}],"predecessor-version":[{"id":4787,"href":"https:\/\/www.sushihot.lv\/lv\/wp-json\/wp\/v2\/pages\/4784\/revisions\/4787"}],"wp:attachment":[{"href":"https:\/\/www.sushihot.lv\/lv\/wp-json\/wp\/v2\/media?parent=4784"}],"curies":[{"name":"wp","href":"https:\/\/api.w.org\/{rel}","templated":true}]}}