
{"id":5025,"date":"2024-08-15T07:23:13","date_gmt":"2024-08-15T07:23:13","guid":{"rendered":"https:\/\/sushiyami.lv\/?page_id=5025"},"modified":"2024-08-15T07:23:13","modified_gmt":"2024-08-15T07:23:13","slug":"atgriesanas-atteiksanas-noteikumi","status":"publish","type":"page","link":"https:\/\/www.sushihot.lv\/lv\/atgriesanas-atteiksanas-noteikumi\/","title":{"rendered":"Atgrie\u0161anas\/atteik\u0161an\u0101s noteikumi"},"content":{"rendered":"<p>P\u0113c pas\u016bt\u012bjuma veik\u0161anas un apmaksas vietn\u0113 sushiyami.lv, klientam vairs nav iesp\u0113jas atcelt vai main\u012bt pas\u016bt\u012bjumu. \u0145emot v\u0113r\u0101 to, ka m\u016bsu produkti ir svaigi pagatavoti p\u0113c individu\u0101la pas\u016bt\u012bjuma un ir \u0101tri boj\u0101jo\u0161\u0101s preces, atgrie\u0161anas vai atteik\u0161an\u0101s ties\u012bbas nav piem\u0113rojamas.<\/p>\n<p>M\u0113s r\u016bp\u012bgi gatavojam katru pas\u016bt\u012bjumu, lai nodro\u0161in\u0101tu augst\u0101ko kvalit\u0101ti un svaigumu, t\u0101p\u0113c p\u0113c pas\u016bt\u012bjuma veik\u0161anas un apmaksas m\u0113s nekav\u0113joties uzs\u0101kam t\u0101 izpildi.<\/p>\n<p>Ja jums ir k\u0101di jaut\u0101jumi vai neskaidr\u012bbas saist\u012bb\u0101 ar j\u016bsu pas\u016bt\u012bjumu, l\u016bdzu, sazinieties ar mums p\u0113c iesp\u0113jas \u0101tr\u0101k. M\u0113s vienm\u0113r esam gatavi pal\u012bdz\u0113t un nodro\u0161in\u0101t lab\u0101ko servisu m\u016bsu klientiem.<\/p>\n<p>Paldies par sapratni un j\u016bsu pas\u016bt\u012bjumu!<\/p>\n","protected":false},"excerpt":{"rendered":"<p>P\u0113c pas\u016bt\u012bjuma veik\u0161anas un apmaksas vietn\u0113 sushiyami.lv, klientam vairs nav iesp\u0113jas atcelt vai main\u012bt pas\u016bt\u012bjumu. \u0145emot v\u0113r\u0101 to, ka m\u016bsu produkti ir svaigi pagatavoti p\u0113c individu\u0101la pas\u016bt\u012bjuma un ir \u0101tri boj\u0101jo\u0161\u0101s preces, atgrie\u0161anas vai atteik\u0161an\u0101s ties\u012bbas nav piem\u0113rojamas. M\u0113s r\u016bp\u012bgi gatavojam katru pas\u016bt\u012bjumu, lai nodro\u0161in\u0101tu augst\u0101ko kvalit\u0101ti un svaigumu, t\u0101p\u0113c p\u0113c pas\u016bt\u012bjuma veik\u0161anas un apmaksas&#8230;<\/p>\n","protected":false},"author":1,"featured_media":0,"parent":0,"menu_order":0,"comment_status":"closed","ping_status":"closed","template":"","meta":{"_acf_changed":false,"footnotes":""},"class_list":["post-5025","page","type-page","status-publish","hentry"],"acf":[],"_links":{"self":[{"href":"https:\/\/www.sushihot.lv\/lv\/wp-json\/wp\/v2\/pages\/5025","targetHints":{"allow":["GET"]}}],"collection":[{"href":"https:\/\/www.sushihot.lv\/lv\/wp-json\/wp\/v2\/pages"}],"about":[{"href":"https:\/\/www.sushihot.lv\/lv\/wp-json\/wp\/v2\/types\/page"}],"author":[{"embeddable":true,"href":"https:\/\/www.sushihot.lv\/lv\/wp-json\/wp\/v2\/users\/1"}],"replies":[{"embeddable":true,"href":"https:\/\/www.sushihot.lv\/lv\/wp-json\/wp\/v2\/comments?post=5025"}],"version-history":[{"count":1,"href":"https:\/\/www.sushihot.lv\/lv\/wp-json\/wp\/v2\/pages\/5025\/revisions"}],"predecessor-version":[{"id":5026,"href":"https:\/\/www.sushihot.lv\/lv\/wp-json\/wp\/v2\/pages\/5025\/revisions\/5026"}],"wp:attachment":[{"href":"https:\/\/www.sushihot.lv\/lv\/wp-json\/wp\/v2\/media?parent=5025"}],"curies":[{"name":"wp","href":"https:\/\/api.w.org\/{rel}","templated":true}]}}