
{"id":4371,"date":"2024-07-27T06:35:28","date_gmt":"2024-07-27T06:35:28","guid":{"rendered":"https:\/\/sushiyami.lv\/?post_type=product&#038;p=4371"},"modified":"2025-09-17T20:17:33","modified_gmt":"2025-09-17T20:17:33","slug":"tidzu-sake-maki-spicy","status":"publish","type":"product","link":"https:\/\/www.sushihot.lv\/lv\/product\/tidzu-sake-maki-spicy\/","title":{"rendered":"TIDZU SAKE MAKI \/ SPICY"},"content":{"rendered":"<p>Lasis, tom\u0101ts, avokado, gur\u0137is, kr\u0113msiers, sezama s\u0113klas, siera m\u0113rce\\as\u0101 siera m\u0113rce p\u0113c izv\u0113les<br \/>\nRolu daudzums: 8<br \/>\nAlerg\u0113ni: (1,3,6,8,11,12,13)<\/p>\n","protected":false},"excerpt":{"rendered":"<p>Lasis, tom\u0101ts, avokado, gur\u0137is, kr\u0113msiers, sezama s\u0113klas, siera m\u0113rce\\as\u0101 siera m\u0113rce p\u0113c izv\u0113les. Alerg\u0113ni: (1,3,6,8,11,12,13)<\/p>\n","protected":false},"featured_media":4873,"template":"","meta":{"_acf_changed":false},"product_cat":[125],"product_tag":[],"class_list":{"0":"post-4371","1":"product","2":"type-product","3":"status-publish","4":"has-post-thumbnail","6":"product_cat-hot-maki","8":"first","9":"instock","10":"shipping-taxable","11":"purchasable","12":"product-type-simple"},"acf":[],"_links":{"self":[{"href":"https:\/\/www.sushihot.lv\/lv\/wp-json\/wp\/v2\/product\/4371","targetHints":{"allow":["GET"]}}],"collection":[{"href":"https:\/\/www.sushihot.lv\/lv\/wp-json\/wp\/v2\/product"}],"about":[{"href":"https:\/\/www.sushihot.lv\/lv\/wp-json\/wp\/v2\/types\/product"}],"wp:featuredmedia":[{"embeddable":true,"href":"https:\/\/www.sushihot.lv\/lv\/wp-json\/wp\/v2\/media\/4873"}],"wp:attachment":[{"href":"https:\/\/www.sushihot.lv\/lv\/wp-json\/wp\/v2\/media?parent=4371"}],"wp:term":[{"taxonomy":"product_cat","embeddable":true,"href":"https:\/\/www.sushihot.lv\/lv\/wp-json\/wp\/v2\/product_cat?post=4371"},{"taxonomy":"product_tag","embeddable":true,"href":"https:\/\/www.sushihot.lv\/lv\/wp-json\/wp\/v2\/product_tag?post=4371"}],"curies":[{"name":"wp","href":"https:\/\/api.w.org\/{rel}","templated":true}]}}