
{"id":4378,"date":"2024-07-27T06:41:04","date_gmt":"2024-07-27T06:41:04","guid":{"rendered":"https:\/\/sushiyami.lv\/?post_type=product&#038;p=4378"},"modified":"2025-09-17T20:11:02","modified_gmt":"2025-09-17T20:11:02","slug":"akito-maki","status":"publish","type":"product","link":"https:\/\/www.sushihot.lv\/lv\/product\/akito-maki\/","title":{"rendered":"AKITO MAKI"},"content":{"rendered":"<p>Lasis, kr\u0113msiers, as\u0101 siera m\u0113rce, lidojo\u0161\u0101s zivs ikri<br \/>\nRolu daudzums: 8<br \/>\nAlerg\u0113ni: (1,3,6,8,11,12,13)<\/p>\n","protected":false},"excerpt":{"rendered":"<p>Lasis, kr\u0113msiers, as\u0101 siera m\u0113rce, lidojo\u0161\u0101s zivs ikri. Alerg\u0113ni: (1,3,6,8,11,12,13)<\/p>\n","protected":false},"featured_media":4876,"template":"","meta":{"_acf_changed":false},"product_cat":[125],"product_tag":[],"class_list":{"0":"post-4378","1":"product","2":"type-product","3":"status-publish","4":"has-post-thumbnail","6":"product_cat-hot-maki","8":"first","9":"instock","10":"shipping-taxable","11":"purchasable","12":"product-type-simple"},"acf":[],"_links":{"self":[{"href":"https:\/\/www.sushihot.lv\/lv\/wp-json\/wp\/v2\/product\/4378","targetHints":{"allow":["GET"]}}],"collection":[{"href":"https:\/\/www.sushihot.lv\/lv\/wp-json\/wp\/v2\/product"}],"about":[{"href":"https:\/\/www.sushihot.lv\/lv\/wp-json\/wp\/v2\/types\/product"}],"wp:featuredmedia":[{"embeddable":true,"href":"https:\/\/www.sushihot.lv\/lv\/wp-json\/wp\/v2\/media\/4876"}],"wp:attachment":[{"href":"https:\/\/www.sushihot.lv\/lv\/wp-json\/wp\/v2\/media?parent=4378"}],"wp:term":[{"taxonomy":"product_cat","embeddable":true,"href":"https:\/\/www.sushihot.lv\/lv\/wp-json\/wp\/v2\/product_cat?post=4378"},{"taxonomy":"product_tag","embeddable":true,"href":"https:\/\/www.sushihot.lv\/lv\/wp-json\/wp\/v2\/product_tag?post=4378"}],"curies":[{"name":"wp","href":"https:\/\/api.w.org\/{rel}","templated":true}]}}