
{"id":4394,"date":"2024-07-27T07:54:12","date_gmt":"2024-07-27T07:54:12","guid":{"rendered":"https:\/\/sushiyami.lv\/?post_type=product&#038;p=4394"},"modified":"2025-07-29T19:35:08","modified_gmt":"2025-07-29T19:35:08","slug":"miso-zupa","status":"publish","type":"product","link":"https:\/\/www.sushihot.lv\/lv\/product\/miso-zupa\/","title":{"rendered":"MISO ZUPA"},"content":{"rendered":"<p>Tofu, da\u0161i buljons, miso pasta, sausas nori j\u016brasz\u0101les\/garneles<\/p>\n<p>Rolu daudzums: 8<\/p>\n","protected":false},"excerpt":{"rendered":"<p>Tofu, da\u0161i buljons, miso pasta, sausas nori j\u016brasz\u0101les\/garneles<\/p>\n","protected":false},"featured_media":4395,"template":"","meta":{"_acf_changed":false},"product_cat":[104],"product_tag":[],"class_list":{"0":"post-4394","1":"product","2":"type-product","3":"status-publish","4":"has-post-thumbnail","6":"product_cat-papildus","8":"first","9":"instock","10":"shipping-taxable","11":"purchasable","12":"product-type-simple"},"acf":[],"_links":{"self":[{"href":"https:\/\/www.sushihot.lv\/lv\/wp-json\/wp\/v2\/product\/4394","targetHints":{"allow":["GET"]}}],"collection":[{"href":"https:\/\/www.sushihot.lv\/lv\/wp-json\/wp\/v2\/product"}],"about":[{"href":"https:\/\/www.sushihot.lv\/lv\/wp-json\/wp\/v2\/types\/product"}],"wp:featuredmedia":[{"embeddable":true,"href":"https:\/\/www.sushihot.lv\/lv\/wp-json\/wp\/v2\/media\/4395"}],"wp:attachment":[{"href":"https:\/\/www.sushihot.lv\/lv\/wp-json\/wp\/v2\/media?parent=4394"}],"wp:term":[{"taxonomy":"product_cat","embeddable":true,"href":"https:\/\/www.sushihot.lv\/lv\/wp-json\/wp\/v2\/product_cat?post=4394"},{"taxonomy":"product_tag","embeddable":true,"href":"https:\/\/www.sushihot.lv\/lv\/wp-json\/wp\/v2\/product_tag?post=4394"}],"curies":[{"name":"wp","href":"https:\/\/api.w.org\/{rel}","templated":true}]}}