
{"id":4396,"date":"2024-07-27T07:56:21","date_gmt":"2024-07-27T07:56:21","guid":{"rendered":"https:\/\/sushiyami.lv\/?post_type=product&#038;p=4396"},"modified":"2025-09-17T08:06:44","modified_gmt":"2025-09-17T08:06:44","slug":"green-dragon-maki","status":"publish","type":"product","link":"https:\/\/www.sushihot.lv\/lv\/product\/green-dragon-maki\/","title":{"rendered":"GREEN DRAGON MAKI"},"content":{"rendered":"<p>Avokado, zutis, kr\u0113msiers, unagi m\u0113rce, sezama s\u0113klas<br \/>\nRolu daudzums: 8<br \/>\nAlerg\u0113ni: (1,3,6,8,11,12,13)<\/p>\n","protected":false},"excerpt":{"rendered":"<p>Avokado, zutis, kr\u0113msiers, unagi m\u0113rce, sezama s\u0113klas. Alerg\u0113ni: (1,3,6,8,11,12,13)<\/p>\n","protected":false},"featured_media":4891,"template":"","meta":{"_acf_changed":false},"product_cat":[127],"product_tag":[],"class_list":{"0":"post-4396","1":"product","2":"type-product","3":"status-publish","4":"has-post-thumbnail","6":"product_cat-lux-uramaki","8":"first","9":"instock","10":"shipping-taxable","11":"purchasable","12":"product-type-simple"},"acf":[],"_links":{"self":[{"href":"https:\/\/www.sushihot.lv\/lv\/wp-json\/wp\/v2\/product\/4396","targetHints":{"allow":["GET"]}}],"collection":[{"href":"https:\/\/www.sushihot.lv\/lv\/wp-json\/wp\/v2\/product"}],"about":[{"href":"https:\/\/www.sushihot.lv\/lv\/wp-json\/wp\/v2\/types\/product"}],"wp:featuredmedia":[{"embeddable":true,"href":"https:\/\/www.sushihot.lv\/lv\/wp-json\/wp\/v2\/media\/4891"}],"wp:attachment":[{"href":"https:\/\/www.sushihot.lv\/lv\/wp-json\/wp\/v2\/media?parent=4396"}],"wp:term":[{"taxonomy":"product_cat","embeddable":true,"href":"https:\/\/www.sushihot.lv\/lv\/wp-json\/wp\/v2\/product_cat?post=4396"},{"taxonomy":"product_tag","embeddable":true,"href":"https:\/\/www.sushihot.lv\/lv\/wp-json\/wp\/v2\/product_tag?post=4396"}],"curies":[{"name":"wp","href":"https:\/\/api.w.org\/{rel}","templated":true}]}}