
{"id":4402,"date":"2024-07-27T08:00:46","date_gmt":"2024-07-27T08:00:46","guid":{"rendered":"https:\/\/sushiyami.lv\/?post_type=product&#038;p=4402"},"modified":"2025-09-17T19:34:32","modified_gmt":"2025-09-17T19:34:32","slug":"kappa-avokado-maki","status":"publish","type":"product","link":"https:\/\/www.sushihot.lv\/lv\/product\/kappa-avokado-maki\/","title":{"rendered":"KAPPA AVOKADO MAKI"},"content":{"rendered":"<p>Gur\u0137is, avokado, majon\u0113ze, sezama s\u0113klas<br \/>\nRolu daudzums: 8<br \/>\nAlerg\u0113ni: (1,3,6,8,11,12,13)<\/p>\n","protected":false},"excerpt":{"rendered":"<p>Gur\u0137is, avokado, majon\u0113ze, sezama s\u0113klas. Alerg\u0113ni: (1,3,6,8,11,12,13)<\/p>\n","protected":false},"featured_media":4897,"template":"","meta":{"_acf_changed":false},"product_cat":[127],"product_tag":[],"class_list":{"0":"post-4402","1":"product","2":"type-product","3":"status-publish","4":"has-post-thumbnail","6":"product_cat-lux-uramaki","8":"first","9":"instock","10":"shipping-taxable","11":"purchasable","12":"product-type-simple"},"acf":[],"_links":{"self":[{"href":"https:\/\/www.sushihot.lv\/lv\/wp-json\/wp\/v2\/product\/4402","targetHints":{"allow":["GET"]}}],"collection":[{"href":"https:\/\/www.sushihot.lv\/lv\/wp-json\/wp\/v2\/product"}],"about":[{"href":"https:\/\/www.sushihot.lv\/lv\/wp-json\/wp\/v2\/types\/product"}],"wp:featuredmedia":[{"embeddable":true,"href":"https:\/\/www.sushihot.lv\/lv\/wp-json\/wp\/v2\/media\/4897"}],"wp:attachment":[{"href":"https:\/\/www.sushihot.lv\/lv\/wp-json\/wp\/v2\/media?parent=4402"}],"wp:term":[{"taxonomy":"product_cat","embeddable":true,"href":"https:\/\/www.sushihot.lv\/lv\/wp-json\/wp\/v2\/product_cat?post=4402"},{"taxonomy":"product_tag","embeddable":true,"href":"https:\/\/www.sushihot.lv\/lv\/wp-json\/wp\/v2\/product_tag?post=4402"}],"curies":[{"name":"wp","href":"https:\/\/api.w.org\/{rel}","templated":true}]}}