
{"id":4412,"date":"2024-07-27T08:11:56","date_gmt":"2024-07-27T08:11:56","guid":{"rendered":"https:\/\/sushiyami.lv\/?post_type=product&#038;p=4412"},"modified":"2025-09-17T18:51:59","modified_gmt":"2025-09-17T18:51:59","slug":"sake-california-maki","status":"publish","type":"product","link":"https:\/\/www.sushihot.lv\/lv\/product\/sake-california-maki\/","title":{"rendered":"SAKE CALIFORNIA MAKI"},"content":{"rendered":"<p>Lasis, avokado, gur\u0137is, majon\u0113ze, lidojo\u0161\u0101s zivs ikri<br \/>\nRolu daudzums: 8<br \/>\nAlerg\u0113ni: (1,3,6,8,11,12,13)<\/p>\n","protected":false},"excerpt":{"rendered":"<p>Lasis, avokado, gur\u0137is, majon\u0113ze, lidojo\u0161\u0101s zivs ikri. Alerg\u0113ni: (1,3,6,8,11,12,13)<\/p>\n","protected":false},"featured_media":4909,"template":"","meta":{"_acf_changed":false},"product_cat":[127],"product_tag":[],"class_list":{"0":"post-4412","1":"product","2":"type-product","3":"status-publish","4":"has-post-thumbnail","6":"product_cat-lux-uramaki","8":"first","9":"instock","10":"shipping-taxable","11":"purchasable","12":"product-type-simple"},"acf":[],"_links":{"self":[{"href":"https:\/\/www.sushihot.lv\/lv\/wp-json\/wp\/v2\/product\/4412","targetHints":{"allow":["GET"]}}],"collection":[{"href":"https:\/\/www.sushihot.lv\/lv\/wp-json\/wp\/v2\/product"}],"about":[{"href":"https:\/\/www.sushihot.lv\/lv\/wp-json\/wp\/v2\/types\/product"}],"wp:featuredmedia":[{"embeddable":true,"href":"https:\/\/www.sushihot.lv\/lv\/wp-json\/wp\/v2\/media\/4909"}],"wp:attachment":[{"href":"https:\/\/www.sushihot.lv\/lv\/wp-json\/wp\/v2\/media?parent=4412"}],"wp:term":[{"taxonomy":"product_cat","embeddable":true,"href":"https:\/\/www.sushihot.lv\/lv\/wp-json\/wp\/v2\/product_cat?post=4412"},{"taxonomy":"product_tag","embeddable":true,"href":"https:\/\/www.sushihot.lv\/lv\/wp-json\/wp\/v2\/product_tag?post=4412"}],"curies":[{"name":"wp","href":"https:\/\/api.w.org\/{rel}","templated":true}]}}