
{"id":5065,"date":"2024-08-15T07:32:02","date_gmt":"2024-08-15T07:32:02","guid":{"rendered":"https:\/\/www.sushiyami.lv\/noteikumi-un-nosacijumi\/"},"modified":"2024-08-15T07:32:02","modified_gmt":"2024-08-15T07:32:02","slug":"noteikumi-un-nosacijumi","status":"publish","type":"page","link":"https:\/\/www.sushihot.lv\/ru\/noteikumi-un-nosacijumi\/","title":{"rendered":"Noteikumi un nosac\u012bjumi"},"content":{"rendered":"<p>Laipni l\u016bdzam sushiyami.lv! L\u016bdzu, r\u016bp\u012bgi izlasiet \u0161os noteikumus un nosac\u012bjumus, jo tie nosaka noteikumus, saska\u0146\u0101 ar kuriem j\u016bs varat izmantot m\u016bsu pakalpojumus. Izmantojot m\u016bsu vietni un pakalpojumus, j\u016bs piekr\u012btat \u0161iem noteikumiem un nosac\u012bjumiem. <\/p>\n<h3>1. Pas\u016bt\u012bjuma veik\u0161ana<\/h3>\n<p>  1.1. Klienti var veikt pas\u016bt\u012bjumus tie\u0161saist\u0113 vietn\u0113 sushiyami.lv vai pa t\u0101lruni +371 27 901 111. 1.2. Veicot pas\u016bt\u012bjumu, j\u016bs piekr\u012btat sniegt prec\u012bzu un piln\u012bgu inform\u0101ciju, lai nodro\u0161in\u0101tu pas\u016bt\u012bjuma veiksm\u012bgu izpildi. <\/p>\n<h3>2. Pieg\u0101des noteikumi<\/h3>\n<p>  2.1. Pieg\u0101des cenas tiek apr\u0113\u0137in\u0101tas atkar\u012bb\u0101 no klienta pieg\u0101des adreses. 2.2. Pieg\u0101de ir pieejama tikai R\u012bgas teritorij\u0101. 2.3. Pieg\u0101des laiki var main\u012bties atkar\u012bb\u0101 no pas\u016bt\u012bjuma lieluma, pieg\u0101des adreses un satiksmes apst\u0101k\u013ciem. M\u0113s cent\u012bsimies nodro\u0161in\u0101t p\u0113c iesp\u0113jas \u0101tr\u0101ku pieg\u0101di. <\/p>\n<h3>3. Personas datu apstr\u0101de<\/h3>\n<p>  3.1. Veicot pas\u016bt\u012bjumu, klients piekr\u012bt, ka sushiyami.lv ir ties\u012bbas glab\u0101t un apstr\u0101d\u0101t vi\u0146a person\u012bgos datus, lai nodro\u0161in\u0101tu pas\u016bt\u012bjumu izpildi un pied\u0101v\u0101tu citus pakalpojumus. 3.2. J\u016bsu personas dati tiks apstr\u0101d\u0101ti saska\u0146\u0101 ar m\u016bsu Priv\u0101tuma politiku. M\u0113s cien\u0101m j\u016bsu priv\u0101tumu un ap\u0146emamies aizsarg\u0101t j\u016bsu personas datus. <\/p>\n<h3>4. Maks\u0101jumi<\/h3>\n<p>  4.1. Visi maks\u0101jumi par pas\u016bt\u012bjumiem tiek veikti tie\u0161saist\u0113 vai pieg\u0101des br\u012bd\u012b, atkar\u012bb\u0101 no izv\u0113l\u0113t\u0101s maks\u0101juma metodes. 4.2. Pas\u016bt\u012bjuma apstiprin\u0101jums tiks nos\u016bt\u012bts uz klienta nor\u0101d\u012bto e-pasta adresi p\u0113c maks\u0101juma sa\u0146em\u0161anas. <\/p>\n<h3>5. Atteik\u0161an\u0101s un atgrie\u0161anas noteikumi<\/h3>\n<p>  5.1. P\u0113c pas\u016bt\u012bjuma veik\u0161anas un apmaksas klientam nav iesp\u0113jas atcelt vai main\u012bt pas\u016bt\u012bjumu. Visi m\u016bsu produkti tiek pagatavoti svaigi p\u0113c individu\u0101la pas\u016bt\u012bjuma. <\/p>\n<h3>6. Atbild\u012bbas ierobe\u017eojumi<\/h3>\n<p>  6.1. Sushiyami.lv neatbild par jebk\u0101diem zaud\u0113jumiem vai izdevumiem, kas rodas no pas\u016bt\u012bjuma izpildes kav\u0113jumiem, ja tie radu\u0161ies \u0101rpus m\u016bsu kontroles eso\u0161u apst\u0101k\u013cu d\u0113\u013c. 6.2. M\u0113s ap\u0146emamies nodro\u0161in\u0101t, ka visi produkti tiek pieg\u0101d\u0101ti svaigi un atbilsto\u0161\u0101 kvalit\u0101t\u0113. Ja jums ir s\u016bdz\u012bbas par sa\u0146emto pas\u016bt\u012bjumu, l\u016bdzu, sazinieties ar mums 24 stundu laik\u0101 p\u0113c pieg\u0101des. <\/p>\n<h3>7. Izmai\u0146as noteikumos un nosac\u012bjumos<\/h3>\n<p>  7.1. Sushiyami.lv patur ties\u012bbas jebkur\u0101 laik\u0101 veikt izmai\u0146as \u0161ajos noteikumos un nosac\u012bjumos. Izmai\u0146as st\u0101sies sp\u0113k\u0101 no to public\u0113\u0161anas br\u012b\u017ea vietn\u0113 sushiyami.lv. 7.2. Turpinot izmantot m\u016bsu pakalpojumus p\u0113c izmai\u0146u public\u0113\u0161anas, j\u016bs piekr\u012btat atjaunin\u0101tajiem noteikumiem un nosac\u012bjumiem. Paldies, ka izv\u0113l\u0113j\u0101ties sushiyami.lv! M\u0113s nov\u0113rt\u0113jam j\u016bsu uztic\u012bbu un ceram, ka baud\u012bsiet m\u016bsu gardos su\u0161i!<\/p>\n","protected":false},"excerpt":{"rendered":"<p>Laipni l\u016bdzam sushiyami.lv! L\u016bdzu, r\u016bp\u012bgi izlasiet \u0161os noteikumus un nosac\u012bjumus, jo tie nosaka noteikumus, saska\u0146\u0101 ar kuriem j\u016bs varat izmantot m\u016bsu pakalpojumus. Izmantojot m\u016bsu vietni un pakalpojumus, j\u016bs piekr\u012btat \u0161iem noteikumiem un nosac\u012bjumiem. 1. Pas\u016bt\u012bjuma veik\u0161ana 1.1. Klienti var veikt pas\u016bt\u012bjumus tie\u0161saist\u0113 vietn\u0113 sushiyami.lv vai pa t\u0101lruni +371 27 901 111. 1.2. Veicot pas\u016bt\u012bjumu, j\u016bs&#8230;<\/p>\n","protected":false},"author":1,"featured_media":0,"parent":0,"menu_order":0,"comment_status":"closed","ping_status":"closed","template":"","meta":{"_acf_changed":false,"footnotes":""},"class_list":["post-5065","page","type-page","status-publish","hentry"],"acf":[],"_links":{"self":[{"href":"https:\/\/www.sushihot.lv\/ru\/wp-json\/wp\/v2\/pages\/5065","targetHints":{"allow":["GET"]}}],"collection":[{"href":"https:\/\/www.sushihot.lv\/ru\/wp-json\/wp\/v2\/pages"}],"about":[{"href":"https:\/\/www.sushihot.lv\/ru\/wp-json\/wp\/v2\/types\/page"}],"author":[{"embeddable":true,"href":"https:\/\/www.sushihot.lv\/ru\/wp-json\/wp\/v2\/users\/1"}],"replies":[{"embeddable":true,"href":"https:\/\/www.sushihot.lv\/ru\/wp-json\/wp\/v2\/comments?post=5065"}],"version-history":[{"count":0,"href":"https:\/\/www.sushihot.lv\/ru\/wp-json\/wp\/v2\/pages\/5065\/revisions"}],"wp:attachment":[{"href":"https:\/\/www.sushihot.lv\/ru\/wp-json\/wp\/v2\/media?parent=5065"}],"curies":[{"name":"wp","href":"https:\/\/api.w.org\/{rel}","templated":true}]}}