
{"id":5069,"date":"2019-09-04T10:49:46","date_gmt":"2019-09-04T10:49:46","guid":{"rendered":"https:\/\/www.sushiyami.lv\/piegade\/"},"modified":"2024-08-19T15:19:16","modified_gmt":"2024-08-19T15:19:16","slug":"piegade","status":"publish","type":"page","link":"https:\/\/www.sushihot.lv\/ru\/piegade\/","title":{"rendered":"\u0414\u043e\u0441\u0442\u0430\u0432\u043a\u0430"},"content":{"rendered":"<section class=\"l-section wpb_row height_custom\"><div class=\"l-section-h i-cf\"><div class=\"g-cols vc_row via_grid cols_custom laptops-cols_inherit tablets-cols_inherit mobiles-cols_1 valign_top type_default stacking_default\" style=\"--custom-columns:4fr 0.5fr 1.5fr \"><div class=\"wpb_column vc_column_container\"><div class=\"vc_column-inner\"><div class=\"w-tabs style_default switch_click accordion has_scrolling remove_indents\" style=\"--sections-title-size:1.5rem\"><div class=\"w-tabs-sections titles-align_none icon_chevron cpos_right\"><div class=\"w-tabs-section active\" id=\"1579528912153-daf54713-3cbf\"><button class=\"w-tabs-section-header active\" aria-controls=\"content-1579528912153-daf54713-3cbf\" aria-expanded=\"true\"><div class=\"w-tabs-section-title\">\u0414\u043e\u0441\u0442\u0430\u0432\u043a\u0430 \u0441\u0443\u0448\u0438 \u0432 \u0420\u0438\u0433\u0435<\/div><div class=\"w-tabs-section-control\"><\/div><\/button><div  class=\"w-tabs-section-content\" id=\"content-1579528912153-daf54713-3cbf\"><div class=\"w-tabs-section-content-h i-cf\"><div class=\"g-cols wpb_row via_grid cols_custom laptops-cols_inherit tablets-cols_inherit mobiles-cols_1 valign_top type_default stacking_default\" style=\"--gap:3rem;--custom-columns:1fr 5fr 3fr\"><div class=\"wpb_column vc_column_container\"><div class=\"vc_column-inner\"><div class=\"w-iconbox iconpos_left style_default color_primary align_left no_text no_title\"><div class=\"w-iconbox-icon\" style=\"font-size:4rem;\"><i class=\"far fa-dolly\"><\/i><\/div><div class=\"w-iconbox-meta\"><\/div><\/div><\/div><\/div><div class=\"wpb_column vc_column_container\"><div class=\"vc_column-inner\"><div class=\"wpb_text_column\"><div class=\"wpb_wrapper\"><h4>\u0414\u043e\u0441\u0442\u0430\u0432\u043a\u0430<\/h4>\n<p>\u0421\u0443\u0448\u0438 \u042f\u043c\u0438 \u043f\u0440\u0435\u0434\u043b\u0430\u0433\u0430\u0435\u0442 \u0443\u0434\u043e\u0431\u043d\u0443\u044e \u0438 \u0431\u044b\u0441\u0442\u0440\u0443\u044e \u0434\u043e\u0441\u0442\u0430\u0432\u043a\u0443 \u043f\u043e \u0432\u0441\u0435\u0439 \u0442\u0435\u0440\u0440\u0438\u0442\u043e\u0440\u0438\u0438 \u0420\u0438\u0433\u0438! \u0412\u044b\u0431\u0435\u0440\u0438\u0442\u0435 \u0441\u043b\u0443\u0436\u0431\u0443 \u0434\u043e\u0441\u0442\u0430\u0432\u043a\u0438 Bolt \u0438\u043b\u0438 Wolt \u0438\u043b\u0438 \u0437\u0430\u0431\u0435\u0440\u0438\u0442\u0435 \u0441\u0432\u043e\u0439 \u0437\u0430\u043a\u0430\u0437 \u0432 \u043d\u0430\u0448\u0435\u043c \u043c\u0430\u0433\u0430\u0437\u0438\u043d\u0435 \u043f\u043e \u0430\u0434\u0440\u0435\u0441\u0443 \u0443\u043b. \u0426\u0435\u043d\u0442\u0440\u0430\u043b\u0442\u0438\u0440\u0433\u0443\u0441 3 \u043a.2, \u043f\u0440\u0438\u0433\u043e\u0440\u043e\u0434 \u041b\u0430\u0442\u0433\u0430\u043b\u0438\u0438, \u0420\u0438\u0433\u0430, LV-1050. \u041d\u0430\u0441\u043b\u0430\u0436\u0434\u0430\u0439\u0442\u0435\u0441\u044c \u0441\u0432\u0435\u0436\u0438\u043c\u0438 \u0438 \u0432\u043a\u0443\u0441\u043d\u044b\u043c\u0438 \u0441\u0443\u0448\u0438 \u0443 \u0441\u0435\u0431\u044f \u0434\u043e\u043c\u0430 \u0438\u043b\u0438 \u0432 \u043e\u0444\u0438\u0441\u0435!<\/p>\n<\/div><\/div><\/div><\/div><div class=\"wpb_column vc_column_container\"><div class=\"vc_column-inner\"><div class=\"wpb_text_column\"><div class=\"wpb_wrapper\"><p>Centr\u0101ltirgus iela 3 k.2, Latgales priek\u0161pils\u0113ta, R\u012bga, LV-1050<\/p>\n<\/div><\/div><\/div><\/div><\/div><div class=\"w-separator size_large\"><\/div><\/div><\/div><\/div><\/div><\/div><\/div><\/div><div class=\"wpb_column vc_column_container\"><div class=\"vc_column-inner\"><\/div><\/div><div class=\"wpb_column vc_column_container\"><div class=\"vc_column-inner\"><nav class=\"w-menu us_custom_07f9eca1 layout_ver style_links us_menu_1\" style=\"--main-gap:1.5rem;--main-ver-indent:0.8em;--main-hor-indent:0.8em;--main-active-color:inherit;\"><ul id=\"menu-information\" class=\"menu\"><li id=\"menu-item-4228\" class=\"menu-item menu-item-type-post_type menu-item-object-page menu-item-4228\"><a href=\"https:\/\/www.sushihot.lv\/lv\/shipping\/\">\u0414\u043e\u0441\u0442\u0430\u0432\u043a\u0430<\/a><\/li><li id=\"menu-item-4230\" class=\"menu-item menu-item-type-post_type menu-item-object-page menu-item-4230\"><a href=\"https:\/\/www.sushihot.lv\/lv\/payments\/\">\u041e\u043f\u043b\u0430\u0442\u0430<\/a><\/li><\/ul><style>@media ( max-width:600px ){.us_menu_1 .menu{display:block!important}.us_menu_1 .menu>li{margin:0 0 var(--main-gap,1.5rem)!important}}<\/style><\/nav><\/div><\/div><\/div><\/div><\/section>\n","protected":false},"excerpt":{"rendered":"\u0414\u043e\u0441\u0442\u0430\u0432\u043a\u0430 \u0441\u0443\u0448\u0438 \u0432 \u0420\u0438\u0433\u0435\u0414\u043e\u0441\u0442\u0430\u0432\u043a\u0430 \u0421\u0443\u0448\u0438 \u042f\u043c\u0438 \u043f\u0440\u0435\u0434\u043b\u0430\u0433\u0430\u0435\u0442 \u0443\u0434\u043e\u0431\u043d\u0443\u044e \u0438 \u0431\u044b\u0441\u0442\u0440\u0443\u044e \u0434\u043e\u0441\u0442\u0430\u0432\u043a\u0443 \u043f\u043e \u0432\u0441\u0435\u0439 \u0442\u0435\u0440\u0440\u0438\u0442\u043e\u0440\u0438\u0438 \u0420\u0438\u0433\u0438! \u0412\u044b\u0431\u0435\u0440\u0438\u0442\u0435 \u0441\u043b\u0443\u0436\u0431\u0443 \u0434\u043e\u0441\u0442\u0430\u0432\u043a\u0438 Bolt \u0438\u043b\u0438 Wolt \u0438\u043b\u0438 \u0437\u0430\u0431\u0435\u0440\u0438\u0442\u0435 \u0441\u0432\u043e\u0439 \u0437\u0430\u043a\u0430\u0437 \u0432 \u043d\u0430\u0448\u0435\u043c \u043c\u0430\u0433\u0430\u0437\u0438\u043d\u0435 \u043f\u043e \u0430\u0434\u0440\u0435\u0441\u0443 \u0443\u043b. \u0426\u0435\u043d\u0442\u0440\u0430\u043b\u0442\u0438\u0440\u0433\u0443\u0441 3 \u043a.2, \u043f\u0440\u0438\u0433\u043e\u0440\u043e\u0434 \u041b\u0430\u0442\u0433\u0430\u043b\u0438\u0438, \u0420\u0438\u0433\u0430, LV-1050. \u041d\u0430\u0441\u043b\u0430\u0436\u0434\u0430\u0439\u0442\u0435\u0441\u044c \u0441\u0432\u0435\u0436\u0438\u043c\u0438 \u0438 \u0432\u043a\u0443\u0441\u043d\u044b\u043c\u0438 \u0441\u0443\u0448\u0438 \u0443 \u0441\u0435\u0431\u044f \u0434\u043e\u043c\u0430 \u0438\u043b\u0438 \u0432 \u043e\u0444\u0438\u0441\u0435! Centr\u0101ltirgus iela 3 k.2, Latgales priek\u0161pils\u0113ta,...","protected":false},"author":1,"featured_media":0,"parent":0,"menu_order":0,"comment_status":"closed","ping_status":"closed","template":"","meta":{"_acf_changed":false,"footnotes":""},"class_list":["post-5069","page","type-page","status-publish","hentry"],"acf":[],"_links":{"self":[{"href":"https:\/\/www.sushihot.lv\/ru\/wp-json\/wp\/v2\/pages\/5069","targetHints":{"allow":["GET"]}}],"collection":[{"href":"https:\/\/www.sushihot.lv\/ru\/wp-json\/wp\/v2\/pages"}],"about":[{"href":"https:\/\/www.sushihot.lv\/ru\/wp-json\/wp\/v2\/types\/page"}],"author":[{"embeddable":true,"href":"https:\/\/www.sushihot.lv\/ru\/wp-json\/wp\/v2\/users\/1"}],"replies":[{"embeddable":true,"href":"https:\/\/www.sushihot.lv\/ru\/wp-json\/wp\/v2\/comments?post=5069"}],"version-history":[{"count":4,"href":"https:\/\/www.sushihot.lv\/ru\/wp-json\/wp\/v2\/pages\/5069\/revisions"}],"predecessor-version":[{"id":5126,"href":"https:\/\/www.sushihot.lv\/ru\/wp-json\/wp\/v2\/pages\/5069\/revisions\/5126"}],"wp:attachment":[{"href":"https:\/\/www.sushihot.lv\/ru\/wp-json\/wp\/v2\/media?parent=5069"}],"curies":[{"name":"wp","href":"https:\/\/api.w.org\/{rel}","templated":true}]}}