
{"id":5092,"date":"2016-09-30T07:52:15","date_gmt":"2016-09-30T07:52:15","guid":{"rendered":"https:\/\/www.sushiyami.lv\/%d0%ba%d0%be%d0%bd%d1%82%d0%b0%d0%ba%d1%82%d1%8b\/"},"modified":"2025-06-18T18:50:55","modified_gmt":"2025-06-18T18:50:55","slug":"%d0%ba%d0%be%d0%bd%d1%82%d0%b0%d0%ba%d1%82%d1%8b","status":"publish","type":"page","link":"https:\/\/www.sushihot.lv\/ru\/%d0%ba%d0%be%d0%bd%d1%82%d0%b0%d0%ba%d1%82%d1%8b\/","title":{"rendered":"\u041a\u043e\u043d\u0442\u0430\u043a\u0442\u044b"},"content":{"rendered":"<section class=\"l-section wpb_row height_custom\"><div class=\"l-section-h i-cf\"><div class=\"g-cols vc_row via_grid cols_2 laptops-cols_inherit tablets-cols_inherit mobiles-cols_1 valign_top type_default stacking_default\"><div class=\"wpb_column vc_column_container\"><div class=\"vc_column-inner\"><div class=\"wpb_text_column\"><div class=\"wpb_wrapper\"><h3>\u0422\u0435\u043b\u0435\u0444\u043e\u043d<\/h3>\n<p>+371<b>25255551<\/b><\/p>\n<h3>\u0410\u0434\u0440\u0435\u0441<\/h3>\n<p>Jausmui\u017eas iela 9, P\u013cavnieki, R\u012bga<\/p>\n<\/div><\/div><\/div><\/div><div class=\"wpb_column vc_column_container\"><div class=\"vc_column-inner\"><\/div><\/div><\/div><\/div><\/section><section class=\"l-section wpb_row height_custom\"><div class=\"l-section-h i-cf\"><div class=\"g-cols vc_row via_grid cols_1 laptops-cols_inherit tablets-cols_inherit mobiles-cols_1 valign_top type_default stacking_default\"><div class=\"wpb_column vc_column_container\"><div class=\"vc_column-inner\"><div class=\"w-map provider_osm\" id=\"us_map_1\"><div class=\"w-map-inner\"><div class=\"w-map-json\" onclick='return {&quot;address&quot;:&quot;Jasmui\\u017eas iela 9, R\\u012bga&quot;,&quot;disableDragging&quot;:0,&quot;disableZoom&quot;:0,&quot;hideControls&quot;:0,&quot;zoom&quot;:14,&quot;markers&quot;:[{&quot;address&quot;:&quot;Jasmui\\u017eas iela 9, R\\u012bga&quot;,&quot;html&quot;:&quot;&lt;h6&gt;\\u0412\\u044b \\u0442\\u0443\\u0442&lt;\\\/h6&gt;&lt;p&gt;We will be glad to see you in our office.&lt;\\\/p&gt;&quot;,&quot;infowindow&quot;:0}],&quot;style&quot;:&quot;https:\\\/\\\/{s}.tile.openstreetmap.org\\\/{z}\\\/{x}\\\/{y}.png&quot;}'><\/div><\/div><\/div><\/div><\/div><\/div><\/div><\/section><section class=\"l-section wpb_row height_custom\"><div class=\"l-section-h i-cf\"><div class=\"g-cols vc_row via_grid cols_2 laptops-cols_inherit tablets-cols_inherit mobiles-cols_1 valign_top type_default stacking_default\"><div class=\"wpb_column vc_column_container\"><div class=\"vc_column-inner\"><div class=\"wpb_text_column\"><div class=\"wpb_wrapper\"><h3>\u041d\u0430\u043f\u0438\u0448\u0438 \u043d\u0430\u043c<\/h3>\n<\/div><\/div><div class=\"w-separator size_small\"><\/div><form class=\"w-form  layout_ver for_cform us_form_1\" autocomplete=\"off\" action=\"https:\/\/www.sushihot.lv\/ru\/wp-json\/wp\/v2\/pages\/5092\" method=\"post\"><div class=\"w-form-h\"><div class=\"w-form-row for_select has_label\">\r\n\t\t\t<div class=\"w-form-row-label\">\r\n\t\t\t<span>\u0412\u044b\u0431\u0435\u0440\u0438 \u0442\u0435\u043c\u0443<\/span>\r\n\t\t<\/div>\r\n\t\t<div class=\"w-form-row-field\">\r\n\t\t\t\t\t\t<select aria-label=\"\u0412\u044b\u0431\u0435\u0440\u0438 \u0442\u0435\u043c\u0443\" name=\"us_form_1_select_1\">\r\n\t\t\t<option value=\"Current order\">Current order<\/option><option value=\"Delivery\">Delivery<\/option><option value=\"Payment\">Payment<\/option><option value=\"Online shop bugs\">Online shop bugs<\/option><option value=\"Promotions and discounts\">Promotions and discounts<\/option><option value=\"Consultations\">Consultations<\/option><option value=\"Cooperation\">Cooperation<\/option>\t\t<\/select>\r\n\t\t\t<\/div>\r\n\t\t<div class=\"w-form-row-state\">\u0412\u044b\u0431\u0435\u0440\u0438\u0442\u0435 \u0437\u043d\u0430\u0447\u0435\u043d\u0438\u0435<\/div>\r\n<\/div>\r\n<div class=\"w-form-row for_text required with_icon\">\r\n\t\t<div class=\"w-form-row-field\">\r\n\t\t\t\t<i class=\"far fa-envelope\"><\/i>\t\t<input aria-label=\"\u042d\u043b \u043f\u043e\u0447\u0442\u0430\" type=\"text\" name=\"us_form_1_text_1\" value placeholder=\"\u042d\u043b \u043f\u043e\u0447\u0442\u0430 *\" data-required=\"true\" aria-required=\"true\"\/>\r\n\t\t\t<\/div>\r\n\t\t<div class=\"w-form-row-state\">\u0417\u0430\u043f\u043e\u043b\u043d\u0438\u0442\u0435 \u043f\u043e\u043b\u0435<\/div>\r\n<\/div>\r\n<div class=\"w-form-row for_text with_icon\">\r\n\t\t<div class=\"w-form-row-field\">\r\n\t\t\t\t<i class=\"far fa-phone\"><\/i>\t\t<input aria-label=\"\u0422\u0435\u043b\u0435\u0444\u043e\u043d\" inputmode=\"tel\" type=\"text\" name=\"us_form_1_text_2\" value placeholder=\"\u0422\u0435\u043b\u0435\u0444\u043e\u043d\"\/>\r\n\t\t\t<\/div>\r\n\t\t<div class=\"w-form-row-state\">\u0417\u0430\u043f\u043e\u043b\u043d\u0438\u0442\u0435 \u043f\u043e\u043b\u0435<\/div>\r\n<\/div>\r\n<div class=\"w-form-row for_textarea required with_icon\">\r\n\t\t<div class=\"w-form-row-field\">\r\n\t\t\t\t<i class=\"far fa-pencil\"><\/i>\t\t<textarea aria-label=\"\u0421\u043e\u043e\u0431\u0449\u0435\u043d\u0438\u0435\" name=\"us_form_1_textarea_1\" placeholder=\"\u0421\u043e\u043e\u0431\u0449\u0435\u043d\u0438\u0435 *\" data-required=\"true\" aria-required=\"true\"><\/textarea>\r\n\t\t\t<\/div>\r\n\t\t<div class=\"w-form-row-state\">\u0417\u0430\u043f\u043e\u043b\u043d\u0438\u0442\u0435 \u043f\u043e\u043b\u0435<\/div>\r\n<\/div>\r\n<input type=\"hidden\" name=\"action\" value=\"us_ajax_cform\" \/>\r\n<input type=\"hidden\" name=\"post_id\" value=\"0\" \/>\r\n<input type=\"hidden\" name=\"form_index\" value=\"1\" \/>\r\n<div class=\"w-form-row for_submit align_none\">\r\n\t<button class=\"w-btn  us-btn-style_1\" aria-label=\"\u041e\u0442\u043f\u0440\u0430\u0432\u0438\u0442\u044c\" type=\"submit\">\r\n\t\t<span class=\"g-preloader type_1\"><\/span>\r\n\t\t\t\t<span class=\"w-btn-label\">\u041e\u0442\u043f\u0440\u0430\u0432\u0438\u0442\u044c<\/span>\r\n\t\t\t<\/button>\r\n\t<\/div>\r\n<\/div><div class=\"w-form-message\"><\/div><div class=\"w-form-json hidden\" onclick='return {&quot;ajaxurl&quot;:&quot;https:\\\/\\\/www.sushihot.lv\\\/wp-admin\\\/admin-ajax.php&quot;,&quot;messages&quot;:{&quot;err_empty&quot;:&quot;\\u0417\\u0430\\u043f\\u043e\\u043b\\u043d\\u0438\\u0442\\u0435 \\u043f\\u043e\\u043b\\u0435&quot;,&quot;err_size&quot;:&quot;\\u0420\\u0430\\u0437\\u043c\\u0435\\u0440 \\u0444\\u0430\\u0439\\u043b\\u0430 \\u043d\\u0435 \\u043c\\u043e\\u0436\\u0435\\u0442 \\u043f\\u0440\\u0435\\u0432\\u044b\\u0448\\u0430\\u0442\\u044c %s \\u041c\\u0411&quot;,&quot;err_extension&quot;:&quot;%s \\u043d\\u0435\\u0434\\u043e\\u043f\\u0443\\u0441\\u0442\\u0438\\u043c\\u044b\\u0439 \\u0442\\u0438\\u043f \\u0444\\u0430\\u0439\\u043b\\u0430&quot;}}'><\/div><\/form><\/div><\/div><div class=\"wpb_column vc_column_container\"><div class=\"vc_column-inner\"><\/div><\/div><\/div><\/div><\/section>\n","protected":false},"excerpt":{"rendered":"\u0422\u0435\u043b\u0435\u0444\u043e\u043d +37125255551 \u0410\u0434\u0440\u0435\u0441 Jausmui\u017eas iela 9, P\u013cavnieki, R\u012bga \u041d\u0430\u043f\u0438\u0448\u0438 \u043d\u0430\u043c \u0412\u044b\u0431\u0435\u0440\u0438 \u0442\u0435\u043c\u0443 Current orderDeliveryPaymentOnline shop bugsPromotions and discountsConsultationsCooperation \u0412\u044b\u0431\u0435\u0440\u0438\u0442\u0435 \u0437\u043d\u0430\u0447\u0435\u043d\u0438\u0435 \u0417\u0430\u043f\u043e\u043b\u043d\u0438\u0442\u0435 \u043f\u043e\u043b\u0435 \u0417\u0430\u043f\u043e\u043b\u043d\u0438\u0442\u0435 \u043f\u043e\u043b\u0435 \u0417\u0430\u043f\u043e\u043b\u043d\u0438\u0442\u0435 \u043f\u043e\u043b\u0435 \u041e\u0442\u043f\u0440\u0430\u0432\u0438\u0442\u044c","protected":false},"author":1,"featured_media":0,"parent":0,"menu_order":0,"comment_status":"closed","ping_status":"closed","template":"","meta":{"_acf_changed":false,"footnotes":""},"class_list":["post-5092","page","type-page","status-publish","hentry"],"acf":[],"_links":{"self":[{"href":"https:\/\/www.sushihot.lv\/ru\/wp-json\/wp\/v2\/pages\/5092","targetHints":{"allow":["GET"]}}],"collection":[{"href":"https:\/\/www.sushihot.lv\/ru\/wp-json\/wp\/v2\/pages"}],"about":[{"href":"https:\/\/www.sushihot.lv\/ru\/wp-json\/wp\/v2\/types\/page"}],"author":[{"embeddable":true,"href":"https:\/\/www.sushihot.lv\/ru\/wp-json\/wp\/v2\/users\/1"}],"replies":[{"embeddable":true,"href":"https:\/\/www.sushihot.lv\/ru\/wp-json\/wp\/v2\/comments?post=5092"}],"version-history":[{"count":6,"href":"https:\/\/www.sushihot.lv\/ru\/wp-json\/wp\/v2\/pages\/5092\/revisions"}],"predecessor-version":[{"id":5321,"href":"https:\/\/www.sushihot.lv\/ru\/wp-json\/wp\/v2\/pages\/5092\/revisions\/5321"}],"wp:attachment":[{"href":"https:\/\/www.sushihot.lv\/ru\/wp-json\/wp\/v2\/media?parent=5092"}],"curies":[{"name":"wp","href":"https:\/\/api.w.org\/{rel}","templated":true}]}}